{"id":93,"date":"2012-12-21T10:32:49","date_gmt":"2012-12-21T09:32:49","guid":{"rendered":"http:\/\/localhost\/civispro\/?page_id=93"},"modified":"2014-03-28T16:11:44","modified_gmt":"2014-03-28T16:11:44","slug":"il-gratuito-patrocinio","status":"publish","type":"page","link":"https:\/\/www.civispro.it\/matradalegale6\/utilita\/il-gratuito-patrocinio\/","title":{"rendered":"Il gratuito patrocinio"},"content":{"rendered":"<p align=\"justify\">Il tema del \u201cPatrocinio gratuito per i non abbienti\u201d, detto anche \u201cPatrocinio a spese dello Stato\u201d o, pi\u00f9 comunemente \u201cgratuito patrocinio\u201d, oggetto di recenti rivoluzioni normative, \u00e8 innanzi tutto un diritto costituzionalmente garantito dall&#8217;art. 24 della Carta Costituzionale, che assicura ai non abbienti il patrocinio gratuito, in tutte le materie (civile, penale e amministrativo). Ci\u00f2 significa che in qualsiasi procedimento avanti l\u2019Autorit\u00e0 Giudiziaria\u00a0 Civile, Penale o Amministrativa, il cittadino \u201cnon abbiente\u201d ha il diritto di essere assistito gratuitamente da un avvocato iscritto negli appositi albi tenuti presso i Consigli dell\u2019Ordine di appartenenza. Per essere ammessi al Patrocinio a spese dello Stato \u00e8 necessario che il richiedente sia titolare di un reddito annuo imponibile, risultante dall&#8217;ultima dichiarazione, che <strong><em>\u00e8 stato elevato ad euro 10.766,33<\/em><\/strong>. Se l\u2019interessato vive con la famiglia, i suoi redditi si sommano a quelli del coniuge e degli altri familiari conviventi. Al contrario, si considera solo il reddito dell\u2019interessato, se egli \u00e8 in causa contro i familiari.<br \/>\nNel giudizio penale: il limite di reddito \u00e8 aumentato di 1.032,91 euro per ogni familiare convivente.<\/p>\n<p align=\"justify\"><span style=\"line-height: 1.5em;\">Se l&#8217;interessato convive con il coniuge o con altri familiari, il reddito \u00e8 costituito dalla somma dei redditi conseguiti nel medesimo periodo da ogni componente della famiglia, compreso l&#8217;istante. Eccezione: si tiene conto del solo reddito personale quando sono oggetto della controversia i diritti della personalit\u00e0, ovvero nei processi in cui gli interessi del richiedente sono in conflitto con quelli degli altri componenti il nucleo familiare con lui conviventi. Tuttavia, si \u00e8 esclusi dal beneficio se il richiedente \u00e8 assistito da pi\u00f9 di un difensore.<\/span><\/p>\n<p align=\"justify\">E\u2019 necessario, infine, chiarire che vi \u00e8 una sostanziale differenza tra \u201cgratuito patrocinio\u201d e difensore \u201cd\u2019ufficio\u201d.\u00a0Parecchia gente\u00a0\u00e8\u00a0convinta che il difensore d\u2019ufficio, scelto dal Tribunale tra gli avvocati iscritti negli appositi albi dei difensori d\u2019ufficio per chi \u00e8 sprovvisto di un difensore di fiducia, sia un avvocato che, per ci\u00f2 stesso, \u00e8 pagato dallo Stato. Cos\u00ec in realt\u00e0 non \u00e8, in quanto anche il difensore d\u2019ufficio deve essere retribuito allo stesso modo del difensore di fiducia. Soltanto se l\u2019interessato \u00e8 in possesso dei requisiti reddituali previsti dalla legge, potr\u00e0 chiedere di essere ammesso al patrocinio a spese dello Stato con l\u2019assistenza, appunto, del difensore d\u2019ufficio che, nell\u2019occasione, diviene di fiducia.<\/p>\n\n\n<p><center><a href=\"https:\/\/www.civispro.it\/matradalegale6\/modulo-di-contatto\/\"><img decoding=\"async\" id=\"reminder\" src=\"https:\/\/www.civispro.it\/matradalegale6\/wp-content\/themes\/mh-magazine\/images\/parerecivispro.png\" width=\"483\" height=\"51\" border=\"0\"><\/a><\/center><\/p>\n","protected":false},"excerpt":{"rendered":"<p>Il tema del \u201cPatrocinio gratuito per i non abbienti\u201d, detto anche \u201cPatrocinio a spese dello Stato\u201d o, pi\u00f9 comunemente \u201cgratuito patrocinio\u201d, oggetto di recenti rivoluzioni normative, \u00e8 innanzi tutto un diritto costituzionalmente garantito dall&#8217;art. 24 della Carta Costituzionale, che assicura ai non abbienti il patrocinio gratuito, in tutte le materie (civile, penale e amministrativo). Ci\u00f2&hellip;<\/p>\n","protected":false},"author":1,"featured_media":0,"parent":92,"menu_order":0,"comment_status":"open","ping_status":"open","template":"","meta":{"footnotes":""},"class_list":["post-93","page","type-page","status-publish","hentry","description-off"],"_links":{"self":[{"href":"https:\/\/www.civispro.it\/matradalegale6\/wp-json\/wp\/v2\/pages\/93","targetHints":{"allow":["GET"]}}],"collection":[{"href":"https:\/\/www.civispro.it\/matradalegale6\/wp-json\/wp\/v2\/pages"}],"about":[{"href":"https:\/\/www.civispro.it\/matradalegale6\/wp-json\/wp\/v2\/types\/page"}],"author":[{"embeddable":true,"href":"https:\/\/www.civispro.it\/matradalegale6\/wp-json\/wp\/v2\/users\/1"}],"replies":[{"embeddable":true,"href":"https:\/\/www.civispro.it\/matradalegale6\/wp-json\/wp\/v2\/comments?post=93"}],"version-history":[{"count":3,"href":"https:\/\/www.civispro.it\/matradalegale6\/wp-json\/wp\/v2\/pages\/93\/revisions"}],"predecessor-version":[{"id":487,"href":"https:\/\/www.civispro.it\/matradalegale6\/wp-json\/wp\/v2\/pages\/93\/revisions\/487"}],"up":[{"embeddable":true,"href":"https:\/\/www.civispro.it\/matradalegale6\/wp-json\/wp\/v2\/pages\/92"}],"wp:attachment":[{"href":"https:\/\/www.civispro.it\/matradalegale6\/wp-json\/wp\/v2\/media?parent=93"}],"curies":[{"name":"wp","href":"https:\/\/api.w.org\/{rel}","templated":true}]}}