{"id":78,"date":"2009-01-21T09:40:30","date_gmt":"2009-01-21T09:40:30","guid":{"rendered":"http:\/\/localhost\/civispro\/?page_id=78"},"modified":"2013-01-07T01:38:02","modified_gmt":"2013-01-07T01:38:02","slug":"larea-legale","status":"publish","type":"page","link":"https:\/\/www.civispro.it\/matradalegale6\/main-menu\/larea-legale\/","title":{"rendered":"L&#8217;area Legale"},"content":{"rendered":"<p style=\"text-align: justify;\">L&#8217;area legale di CivisPro nasce con l&#8217;intento di fornire all&#8217;utenza un&#8217;informazione di prima istanza su alcune fattispecie ritenute di discreto interesse.<\/p>\n<p style=\"text-align: justify;\" align=\"justify\">Tale <strong>prima informazione<\/strong> riguarda, in un primo momento, fattispecie di <strong>diritto civile<\/strong>, <strong>penale<\/strong> e <strong>tributario<\/strong>.\u00a0In una\u00a0seconda fase, non appena l&#8217;archivio dei contenuti avr\u00e0 raggiunto un buon numero di\u00a0informazioni, si integrer\u00e0 con questioni di <strong>diritto amministrativo<\/strong> e ulteriori questioni di diritto civile legate alla branca del\u00a0<strong>diritto commerciale<\/strong>.<\/p>\n<p style=\"text-align: justify;\" align=\"justify\">L&#8217;attivit\u00e0 informativa \u00e8 effettuata con periodicit\u00e0 variabile.<\/p>\n<p style=\"text-align: justify;\" align=\"justify\">Il portale\u00a0mette a disposizione mezzi per la ricerca delle informazioni pi\u00f9 utili, tendenti a facilitare la navigazione. A tal fine, da tutte le pagine \u00e8 possibile accedere rapidamente alla ricerca delle informazioni richieste tramite apposito <strong>motore di ricerca indipendente<\/strong>. Infine, in ogni pagina contente informazioni specifiche, nei limiti dei contenuti del portale stesso, lungo la colonna del menu di\u00a0destra si\u00a0riportano, ove ne sussistano,\u00a0tutti i\u00a0links pertinenti informazioni analoghe e correlate a quelle visualizzate.<\/p>\n<p style=\"text-align: justify;\" align=\"justify\">L&#8217;area\u00a0legale \u00e8 integrata da semplici\u00a0strumenti di comunicazione\/richiesta di servizi forniti dagli studi legali e\u00a0relativi professionisti che intervengono nel portale informativo.<\/p>\n<p style=\"text-align: justify;\" align=\"justify\">E&#8217; possibile richiedere la redazione di <strong>Pareri Legali On Line<\/strong>, di <strong>Contratti<\/strong> (la cui lista \u00e8 in aggiornamento) o richiedere <strong>appuntamenti<\/strong> per consulenze presso gli studi professionali di Palermo o in altro loco, previa corresponsione degli eventuali\u00a0costi di viaggio e della relativa parcella.<\/p>\n\n\n<p><center><a href=\"https:\/\/www.civispro.it\/matradalegale6\/modulo-di-contatto\/\"><img decoding=\"async\" id=\"reminder\" src=\"https:\/\/www.civispro.it\/matradalegale6\/wp-content\/themes\/mh-magazine\/images\/parerecivispro.png\" width=\"483\" height=\"51\" border=\"0\"><\/a><\/center><\/p>\n","protected":false},"excerpt":{"rendered":"<p>L&#8217;area legale di CivisPro nasce con l&#8217;intento di fornire all&#8217;utenza un&#8217;informazione di prima istanza su alcune fattispecie ritenute di discreto interesse. Tale prima informazione riguarda, in un primo momento, fattispecie di diritto civile, penale e tributario.\u00a0In una\u00a0seconda fase, non appena l&#8217;archivio dei contenuti avr\u00e0 raggiunto un buon numero di\u00a0informazioni, si integrer\u00e0 con questioni di diritto&hellip;<\/p>\n","protected":false},"author":1,"featured_media":0,"parent":75,"menu_order":0,"comment_status":"closed","ping_status":"closed","template":"","meta":{"footnotes":""},"class_list":["post-78","page","type-page","status-publish","hentry","description-off"],"_links":{"self":[{"href":"https:\/\/www.civispro.it\/matradalegale6\/wp-json\/wp\/v2\/pages\/78","targetHints":{"allow":["GET"]}}],"collection":[{"href":"https:\/\/www.civispro.it\/matradalegale6\/wp-json\/wp\/v2\/pages"}],"about":[{"href":"https:\/\/www.civispro.it\/matradalegale6\/wp-json\/wp\/v2\/types\/page"}],"author":[{"embeddable":true,"href":"https:\/\/www.civispro.it\/matradalegale6\/wp-json\/wp\/v2\/users\/1"}],"replies":[{"embeddable":true,"href":"https:\/\/www.civispro.it\/matradalegale6\/wp-json\/wp\/v2\/comments?post=78"}],"version-history":[{"count":2,"href":"https:\/\/www.civispro.it\/matradalegale6\/wp-json\/wp\/v2\/pages\/78\/revisions"}],"predecessor-version":[{"id":281,"href":"https:\/\/www.civispro.it\/matradalegale6\/wp-json\/wp\/v2\/pages\/78\/revisions\/281"}],"up":[{"embeddable":true,"href":"https:\/\/www.civispro.it\/matradalegale6\/wp-json\/wp\/v2\/pages\/75"}],"wp:attachment":[{"href":"https:\/\/www.civispro.it\/matradalegale6\/wp-json\/wp\/v2\/media?parent=78"}],"curies":[{"name":"wp","href":"https:\/\/api.w.org\/{rel}","templated":true}]}}