{"id":90,"date":"2012-12-21T10:30:05","date_gmt":"2012-12-21T09:30:05","guid":{"rendered":"http:\/\/localhost\/civispro\/?page_id=90"},"modified":"2015-08-09T19:01:46","modified_gmt":"2015-08-09T19:01:46","slug":"domande-frequenti","status":"publish","type":"page","link":"https:\/\/www.civispro.it\/arealegale\/servizi-online\/domande-frequenti\/","title":{"rendered":"Domande Frequenti"},"content":{"rendered":"<p>&#8211; sul <a href=\"#portale\"><strong>Portale<\/strong><\/a><\/p>\n<p>&#8211; sulla <a href=\"#parere\"><strong>Richiesta di Pareri on line<\/strong><\/a><\/p>\n<p>&#8211; sulla <a href=\"#cont\"><strong>Richiesta di Contratti o Atti Extragiudiziali<\/strong><\/a><\/p>\n<h1><\/h1>\n<h2><a title=\"portale\" name=\"portale\"><\/a><strong>Sul Portale<\/strong><\/h2>\n<h4>Quali sono gli obiettivi del portale?<\/h4>\n<p align=\"justify\">Realizzare un centro di interessi della rete gestito da professionisti, i quali, ognuno nel proprio campo, siano in grado di fornire all&#8217;utenza un informazione di prima istanza su ogni aspetto pratico, legale, commerciale e finanziario della vita dei soggetti giuridici presenti in Italia o interessati a un loro inserimento.<\/p>\n<h4 align=\"justify\">Perch\u00e9 il nome CivisPro?<\/h4>\n<p align=\"justify\">La cultura italiana \u00e8 permeata da istituti e tradizioni propri dell&#8217;epoca romana. Ricollegandoci a quell&#8217;epoca e alla lingua latina, desiderando in ogni caso porre il cittadino al centro dellla nostra opera, abbiamo pensato di riesumare il termine latino &#8220;civis&#8221; (cittadino, appunto) affiancando un concetto pi\u00f9 moderno ed esclusivo, la &#8220;professione&#8221; e la &#8220;professionalit\u00e0&#8221;: di qui, CivisPro.<\/p>\n<h4 align=\"justify\">Cosa \u00e8 CivisPro?<\/h4>\n<p align=\"justify\">CivisPro \u00e8 un&#8217;associazione di fatto tra professionisti. Tale associazione \u00e8 finalizzata alla manifestazione di contenuti e servizi riservati agli utenti internet.<\/p>\n<h2 align=\"justify\"><a title=\"parere\" name=\"parere\"><\/a><strong>Sulla Richiesta di Pareri legali on line<\/strong><\/h2>\n<h4 align=\"justify\">Cosa \u00e8 un parere legale?<\/h4>\n<p align=\"justify\">Un parere legale \u00e8 una valutazione su problemi specifici ed \u00e8 composto da una premessa di carattere generale, da una analisi dei fatti, cos\u00ec come esposti dal Cliente, e infine dalla proposizione di una serie di soluzioni al problema, ove ne sussistano.<\/p>\n<h4 align=\"justify\">A cosa serve un parere legale?<\/h4>\n<p align=\"justify\">Di fronte ai fatti che il Cliente espone, attraverso il parere, l&#8217;avvocato comunica la sussistenza di eventuali diritti lesi e pone le soluzioni che la legge offre per la tutela, in ogni direzione, dello stesso Cliente.<br \/>\nUn parere legale pu\u00f2 assumere una funzione preventiva in vista di future situazioni complesse indicando la soluzione ai problemi prima che diventino ingestibili.<br \/>\nUn parere legale serve a togliersi un dubbio e a capire se \u00e8 opportuno scegliere una soluzione o un\u2019altra, avviare un giudizio o, pi\u00f9 rapidamente, accordarsi con la controparte evitando i costi e i tempi di un processo.<\/p>\n<h4 align=\"justify\">A quali usi posso destinare un parere legale?<\/h4>\n<p align=\"justify\">Aldil\u00e0 dei casi sopraesposti, un parere pu\u00f2 essere conservato per futura memoria (sempre che le norme a cui questo sia ispirato, nel frattempo, non siano abrogate, modificate o novate).<br \/>\nUn parere legale si pu\u00f2 consegnare in copia alla controparte per forzare la convinzione delle proprie ragioni.<br \/>\nSpesso viene presentato in copia a riunioni di condominio, ad un ente, organo di ente o altro soggetto avente poteri deliberativi al fine di rafforzare le possibilit\u00e0 che una decisione particolarmente vantaggiosa sia presa, in luogo di altre illegali o poco indicate.<br \/>\nSi pu\u00f2 utilizzare per redigere privatamente una lettera da inviare a controparte.<br \/>\nIl parere legale ha il fondamentale uso di chiarire al cittadino la reale portata di una determinata situazione giuridicamente rilevante.<\/p>\n<h4 align=\"justify\">Perch\u00e9 dovrei richiedere un parere on line a CivisPro?<\/h4>\n<p align=\"justify\">Innanzitutto, per la competenza e la variet\u00e0 dei professionisti coinvolti in CivisPro. In secondo luogo, poich\u00e9, inevitabilmente, chi si rivolge ad internet si immerge in un mondo sterminato che conduce alle esperienze pi\u00f9 varie, non semplicemente localizzate in una citt\u00e0 o regione, ma in un universo, composto anche da cittadini stranieri. E questa \u00e8 una delle ragioni per le quali l&#8217;avvocato che opera su internet, anche tramite interazione su forum o newsgroups, acquisisce esperienze e competenze che non hanno eguali.<\/p>\n<p align=\"justify\">Ulteriori, importanti ragioni sono quelle del Cliente, che non si trova a doversi scomodare dal proprio alloggio, dalla propria vita, dal proprio posto di lavoro per recarsi presso lo studio legale consigliato da un amico, o magari prescelto a caso.<\/p>\n<p align=\"justify\">CivisPro &#8211; Area Legale \u00e8 uno studio legale sempre con te.<\/p>\n<p align=\"justify\">E non ci si dovr\u00e0 preoccupare se ci si dimentica di riferire qualcosa all&#8217;avvocato durante l&#8217;appuntamento, perch\u00e9 tramite la posta elettronica e il contatto telefonico che sar\u00e0 fornito alla richiesta di un preventivo gratuito, il Cliente sar\u00e0 sempre in tempo per formulare ulteriori precisazioni o inviare ulteriore documentazione: tutto questo senza perdere tempo in spostamenti o attese di ogni genere.<\/p>\n<h4 align=\"justify\">Quali sono le procedure per richiedere un parere?<\/h4>\n<p align=\"justify\">Si \u00e8 cercato di rendere tutto il <strong>pi\u00f9 semplice possibile<\/strong>. Attraverso un apposito modulo on line, accessibile tramite la pagina sita a <a href=\"https:\/\/www.civispro.it\/arealegale\/modulo-di-contatto\/\" target=\"_blank\"><strong>questo link<\/strong><\/a> \u00e8 possibile richiedere un preventivo, assolutamente gratuito, per la redazione di un parere legale che risponda in tutto e per tutto alla descrizione di fatti, eventi e circostanze indicati nell&#8217;apposito modulo.<\/p>\n<p align=\"justify\">E&#8217; consentito allegare al modulo documenti, fotografie e quant&#8217;altro.<\/p>\n<p align=\"justify\">Sulla base del modulo e delle successive eventuali comunicazioni e richieste di chiarimento che CivisPro, il professionista che abbia eventualmente assunto l&#8217;incarico potr\u00e0 richiedere nell&#8217;interesse del Cliente chiarimenti e ulteriori documenti o delucidazioni.<\/p>\n<p align=\"justify\">A questo punto, l&#8217;Amministrazione di Civispro invier\u00e0 un email (tendenzialmente entro le 48 ore lavorative successive all&#8217;invio del modulo) contenente gli estremi del parere e il prezzo dello stesso incluso tasse, nonch\u00e9 i dettagli sulle modalit\u00e0 di pagamento.<\/p>\n<p align=\"justify\">Se il Cliente riterr\u00e0 di voler accettare tale preventivo, non dovr\u00e0 far altro che rispondere all&#8217;email confermando l&#8217;accettazione della proposta e dichiarando di voler effettuare il pagamento tramite una delle modalit\u00e0 prescelte, oltre ad indicare tutti i propri dati anagrafici, il proprio codice fiscale e\/o la partita iva.<\/p>\n<p align=\"justify\">Nel momento in cui CivisPro ricever\u00e0 il pagamento, questi, tramite il professionista che ha assunto l&#8217;incarico, entro e non oltre ulteriori 48 ore lavorative, invier\u00e0 il parere via email, PEC, via fax o via posta raccomandata, come richiesto dal Cliente nella compilazione del modulo.<\/p>\n<h4 align=\"justify\">Garantite le tempistiche di evasione del servizio?<\/h4>\n<p align=\"justify\">Riteniamo ragionevoli le tempistiche indicate almeno per i casi pi\u00f9 semplici saranno risolti pi\u00f9 rapidamente.<\/p>\n<p align=\"justify\">Una eventuale diversa tempistica sar\u00e0 indicata nella e-mail che si riceve col preventivo richiesto.<\/p>\n<p align=\"justify\">Tale dilazione potr\u00e0 essere richiesta per la redazione di atti particolarmente complessi o per carichi di lavoro straordinari degli studi legali coinvolti.<\/p>\n<h4 align=\"justify\">Che formule di pagamento accettate?<\/h4>\n<p align=\"justify\">Al momento riceviamo pagamenti per bonifico bancario e vaglia postale.<\/p>\n<h4 align=\"justify\">Qual \u00e8 il costo minimo di un parere legale?<\/h4>\n<p align=\"justify\">Qualora il parere richiesto NON comporti informativa o studio particolare il parere ha un costo minimo di euro 30,00, inclusi oneri fiscali.<\/p>\n<p align=\"justify\">Per questioni di valore economico molto alto che NON richiedino informativa o studi particolari il costo non potr\u00e0 mai comunque superare le euro 200,00 oltre oneri fiscali.<\/p>\n<p align=\"justify\">Il discorso cambia nel caso in cui, come si intuisce dalla risposta fin qui fornita, la questione posta richieda informativa e studi particolari per i quali viene redatto un preventivo pi\u00f9 specifico.<\/p>\n<h4 align=\"justify\">Quali sono le aree di competenza degli avvocati associati in CivisPro?<\/h4>\n<p align=\"justify\">CivisPro \u00e8 nata per fornire consulenza ed assistenza in ogni branca del diritto italiano vigente nell&#8217;ordinamento giuridico italiano. Gli avvocati coinvolti hanno competenze e specializzazioni in campo civile, penale, amministrativo e tributario, senza eccezione alcuna.<\/p>\n<h4 align=\"justify\">Potr\u00f2 conferire con l&#8217;avvocato che abbia redatto il mio parere?<\/h4>\n<p align=\"justify\">Certamente si, ma non telefonicamente. Questo \u00e8 l&#8217;unico limite di CivisPro.<br \/>\nSe si vorr\u00e0 conferire con uno degli avvocati si dovr\u00e0 richiedere necessariamente un appuntamento nel palermitano o, previo pagamento delle spese di viaggio, in un&#8217;altra citt\u00e0 all&#8217;interno dei confini nazionali italiani.<\/p>\n<h2 align=\"justify\"><a title=\"cont\" name=\"cont\"><\/a><strong>Contratti\/Atti extragiudiziali<\/strong><\/h2>\n<h4 align=\"justify\">Cosa \u00e8 un contratto?<\/h4>\n<p align=\"justify\">Il contratto \u00e8 la fonte primaria dell\u2019obbligazione. L\u2019art. 1321 c.c. definisce il contratto come \u201cl\u2019accordo di due o pi\u00f9 parti, per costituire, regolare o estinguere tra loro un rapporto giuridico patrimoniale\u201d.<\/p>\n<h4 align=\"justify\">Redigete qualsiasi tipo di contratto?<\/h4>\n<p align=\"justify\">Purtroppo no. Per alcune tipologie contrattuali \u00e8 necessaria la forma dell&#8217;atto pubblico per il cui perfezionamento \u00e8 richiesto l&#8217;intervento di un notaio. CivisPro non ha e non pu\u00f2 avere notai nei suoi quadri. Un esempio di contratto che necessita della forma dell&#8217;atto pubblico \u00e8 il contratto di <strong>compravendita<\/strong> di un immobile: CivisPro non potr\u00e0 soddisfare tale richiesta e comunicher\u00e0 tempestivamente tale impossibilit\u00e0 per email.<\/p>\n<h4 align=\"justify\">Cosa si intende per atto extragiudiziale?<\/h4>\n<p align=\"justify\">Qualsiasi atto scritto che miri ad avere effetti giuridici al di fuori delle more di un processo. Pu\u00f2 trattarsi di una lettera, di una diffida, di una costituzione in mora, di un accordo consensuale tra pi\u00f9 parti, di una dichiarazione unilaterale, etc.<\/p>\n<h4 align=\"justify\">Quali sono le procedure per richiedere la redazione dell&#8217;atto richiesto?<\/h4>\n<p align=\"justify\">Analogamente a quanto previsto per il parere legale, \u00e8 possibile compilare un <a href=\"https:\/\/www.civispro.it\/arealegale\/sample-page\/\" target=\"_blank\"><strong>modulo per la richiesta di un preventivo gratuito<\/strong><\/a>.<\/p>\n<p align=\"justify\">Questo dovr\u00e0 essere compilato attentamente, indicando, in prima istanza, la tipologia di contratto richiesta o le esigenze da soddisfare. E&#8217; necessario inserire, inoltre, almeno il numero delle parti interessate all&#8217;atto e la tipologia: ossia se le parti sono persone fisiche o giuridiche (societ\u00e0, fondazioni o altri enti) o entrambe, e il loro numero (es.: due persone fisiche e una persona giuridica).<\/p>\n<p align=\"justify\">Alla ricezione, in breve tempo risponderemo via email con la proposta economica e i dati per il pagamento e la richiesta di ogni informazione necessaria per la completa redazione dell&#8217;atto, che il Cliente sar\u00e0 tenuto a fornire.<\/p>\n<p align=\"justify\">Se il Cliente decider\u00e0 di accettare, dovr\u00e0 comunicare tale accettazione rispondendo alla mail con la quale si \u00e8 ricevuto il preventivo, nonch\u00e9 le informazioni richieste per e-mail.<\/p>\n<p align=\"justify\">Appena ricevuto il pagamento, CivisPro invier\u00e0, nel tempo pi\u00f9 breve, per e-mail, PEC o posta raccomandata, a scelta del Cliente, gli atti richiesti.<\/p>\n<p align=\"justify\">Gli atti saranno inviati, ovviamente, privi di firma delle parti. Alla ricezione, dovranno essere perfezionati inserendo la data e la sottoscrizione di ognuna delle parti del contratto.<\/p>\n<p align=\"justify\">Nel caso delle lettere, diffide o atti di costituzione in mora, CivisPro potr\u00e0 inviarle sottoscritte dall&#8217;avvocato redigente direttamente all&#8217;indirizzo di controparte.<\/p>\n<p align=\"justify\">Per i contratti che prevedano particolare situazione, salvo diverso accordo con CivisPro, il Cliente si impegner\u00e0 al definitivo perfezionamento di quegli atti che richiedano <strong>la Registrazione presso le Autorit\u00e0 competenti<\/strong>.<\/p>\n<h4 align=\"justify\">Garantite le tempistiche di evasione del servizio?<\/h4>\n<p align=\"justify\">Riteniamo che le tempistiche per la redazioni di contratti, scritture private e lettere siano estremamente rapide, compatibilmente con la velocit\u00e0 degli strumenti di pagamento a disposizione.<\/p>\n<h4 align=\"justify\">Che formule di pagamenteo accettate?<\/h4>\n<p align=\"justify\">Al momento riceviamo pagamenti per bonifico bancario e vaglia postale.<\/p>\n<h4 align=\"justify\">Qual \u00e8 il costo minimo di un contratto\/scrittura privata\/lettera?<\/h4>\n<p align=\"justify\">Tale costo non sar\u00e0 mai inferiore agli euro 100 (rimborsi e tasse incluse).<\/p>\n\n\n<p><center><a href=\"https:\/\/www.civispro.it\/arealegale\/modulo-di-contatto\/\"><img decoding=\"async\" id=\"reminder\" src=\"https:\/\/www.civispro.it\/arealegale\/wp-content\/themes\/mh-magazine\/images\/parerecivispro.png\" width=\"483\" height=\"51\" border=\"0\"><\/a><\/center><\/p>\n","protected":false},"excerpt":{"rendered":"<p>&#8211; sul Portale &#8211; sulla Richiesta di Pareri on line &#8211; sulla Richiesta di Contratti o Atti Extragiudiziali Sul Portale Quali sono gli obiettivi del portale? Realizzare un centro di interessi della rete gestito da professionisti, i quali, ognuno nel proprio campo, siano in grado di fornire all&#8217;utenza un informazione di prima istanza su ogni&hellip;<\/p>\n","protected":false},"author":1,"featured_media":0,"parent":84,"menu_order":0,"comment_status":"open","ping_status":"open","template":"","meta":{"footnotes":""},"class_list":["post-90","page","type-page","status-publish","hentry","description-off"],"_links":{"self":[{"href":"https:\/\/www.civispro.it\/arealegale\/wp-json\/wp\/v2\/pages\/90","targetHints":{"allow":["GET"]}}],"collection":[{"href":"https:\/\/www.civispro.it\/arealegale\/wp-json\/wp\/v2\/pages"}],"about":[{"href":"https:\/\/www.civispro.it\/arealegale\/wp-json\/wp\/v2\/types\/page"}],"author":[{"embeddable":true,"href":"https:\/\/www.civispro.it\/arealegale\/wp-json\/wp\/v2\/users\/1"}],"replies":[{"embeddable":true,"href":"https:\/\/www.civispro.it\/arealegale\/wp-json\/wp\/v2\/comments?post=90"}],"version-history":[{"count":11,"href":"https:\/\/www.civispro.it\/arealegale\/wp-json\/wp\/v2\/pages\/90\/revisions"}],"predecessor-version":[{"id":519,"href":"https:\/\/www.civispro.it\/arealegale\/wp-json\/wp\/v2\/pages\/90\/revisions\/519"}],"up":[{"embeddable":true,"href":"https:\/\/www.civispro.it\/arealegale\/wp-json\/wp\/v2\/pages\/84"}],"wp:attachment":[{"href":"https:\/\/www.civispro.it\/arealegale\/wp-json\/wp\/v2\/media?parent=90"}],"curies":[{"name":"wp","href":"https:\/\/api.w.org\/{rel}","templated":true}]}}