{"id":73,"date":"2012-12-21T09:38:25","date_gmt":"2012-12-21T08:38:25","guid":{"rendered":"http:\/\/localhost\/civispro\/?page_id=73"},"modified":"2012-12-21T09:39:39","modified_gmt":"2012-12-21T08:39:39","slug":"tutto-su-civispro-2","status":"publish","type":"page","link":"https:\/\/www.civispro.it\/arealegale\/main-menu\/tutto-su-civispro-2\/","title":{"rendered":"Tutto su CivisPro"},"content":{"rendered":"<h1><span style=\"color: #000080;\">Chi siamo<\/span><\/h1>\n<p align=\"justify\"><span style=\"color: #000000;\">CivisPro nasce dall&#8217;idea di\u00a0portare on line le attivit\u00e0, le competenze e le capacit\u00e0 di un gruppo di consulenti che operano in ambito legale, fiscale-tributario e della finanza. La mission \u00e8 quella di offrire servizi in maniera dematerizalizzata e delocalizzata ad alto valore aggiunto e a costi contenuti per il cliente.<\/span><\/p>\n<p align=\"justify\"><span style=\"color: #000000;\">Tutti i professionisti operano gi\u00e0 da diversi anni in studi associati ben avviati e specializzati, offrendo ai propri clienti un&#8217;esperienza consolidata, e sono in possesso dei titoli legali per l&#8217;esercizio dell&#8217;attivit\u00e0 oggetto di ogni prestazione.<\/span><\/p>\n<p>&nbsp;<\/p>\n<h1><span style=\"color: #000080;\">Dove operiamo<\/span><\/h1>\n<p align=\"justify\"><span style=\"color: #000000;\">La vocazione \u00e8 quella di un&#8217;operativit\u00e0 nazionale, i contenuti dei servizi sono facilmente gestibili in maniera delocalizzata. Qualora il cliente desideri avere un contatto diretto, il professionista risulta disponibile a incontri su tutto il territorio nazionale salvo rimborso spese di viaggio e pagamento della parcella.<\/span><\/p>\n<p align=\"justify\"><span style=\"color: #000000;\">Gli strumenti abitualmente utilizzati per il coordinamento delle attivit\u00e0 operative e per le comunicazioni con il cliente sono invece quelli del telefono (anche tramite segreteria, lasciando un recapito, sarete eventualmente ricontattati), del fax e della pi\u00f9 comoda posta elettronica.<\/span><\/p>\n<p align=\"justify\"><span style=\"color: #000000;\">I consulenti svolgono la propria attivit\u00e0 in maniera autonoma e presso le sedi che ritengono pi\u00f9 opportune.<\/span><\/p>\n<p align=\"justify\"><span style=\"color: #000000;\">Sono garantite, qualora il cliente lo richieda, appuntamenti informativi (gratuiti, laddove l&#8217;Ordine Professionale lo consenta) preconcordati presso gli\u00a0studi di Palermo.<\/span><\/p>\n<p>&nbsp;<\/p>\n<h1><span style=\"color: #000080;\">L&#8217;area legale<\/span><\/h1>\n<p align=\"justify\"><span style=\"color: #000000;\">I servizi internet relativi all&#8217;area legale di CivisPro sono coordinati dallo studio legale Canto e dallo studio legale Li Vigni, siti in Palermo. Costituito dai migliori esperti nel settore legale e giudiziario, sia civile che penale che amministrativo,\u00a0CivisPro\u00a0fornisce assistenza legale anche per quei procedimenti di competenza delle magistrature superiori.<\/span><\/p>\n\n\n<p><center><a href=\"https:\/\/www.civispro.it\/arealegale\/modulo-di-contatto\/\"><img decoding=\"async\" id=\"reminder\" src=\"https:\/\/www.civispro.it\/arealegale\/wp-content\/themes\/mh-magazine\/images\/parerecivispro.png\" width=\"483\" height=\"51\" border=\"0\"><\/a><\/center><\/p>\n","protected":false},"excerpt":{"rendered":"<p>Chi siamo CivisPro nasce dall&#8217;idea di\u00a0portare on line le attivit\u00e0, le competenze e le capacit\u00e0 di un gruppo di consulenti che operano in ambito legale, fiscale-tributario e della finanza. La mission \u00e8 quella di offrire servizi in maniera dematerizalizzata e delocalizzata ad alto valore aggiunto e a costi contenuti per il cliente. Tutti i professionisti&hellip;<\/p>\n","protected":false},"author":1,"featured_media":0,"parent":75,"menu_order":0,"comment_status":"open","ping_status":"open","template":"","meta":{"footnotes":""},"class_list":["post-73","page","type-page","status-publish","hentry","description-off"],"_links":{"self":[{"href":"https:\/\/www.civispro.it\/arealegale\/wp-json\/wp\/v2\/pages\/73","targetHints":{"allow":["GET"]}}],"collection":[{"href":"https:\/\/www.civispro.it\/arealegale\/wp-json\/wp\/v2\/pages"}],"about":[{"href":"https:\/\/www.civispro.it\/arealegale\/wp-json\/wp\/v2\/types\/page"}],"author":[{"embeddable":true,"href":"https:\/\/www.civispro.it\/arealegale\/wp-json\/wp\/v2\/users\/1"}],"replies":[{"embeddable":true,"href":"https:\/\/www.civispro.it\/arealegale\/wp-json\/wp\/v2\/comments?post=73"}],"version-history":[{"count":3,"href":"https:\/\/www.civispro.it\/arealegale\/wp-json\/wp\/v2\/pages\/73\/revisions"}],"predecessor-version":[{"id":13176,"href":"https:\/\/www.civispro.it\/arealegale\/wp-json\/wp\/v2\/pages\/73\/revisions\/13176"}],"up":[{"embeddable":true,"href":"https:\/\/www.civispro.it\/arealegale\/wp-json\/wp\/v2\/pages\/75"}],"wp:attachment":[{"href":"https:\/\/www.civispro.it\/arealegale\/wp-json\/wp\/v2\/media?parent=73"}],"curies":[{"name":"wp","href":"https:\/\/api.w.org\/{rel}","templated":true}]}}