{"id":84,"date":"2013-01-21T12:43:34","date_gmt":"2013-01-21T11:43:34","guid":{"rendered":"http:\/\/www.civispro.it\/giuslavoristica\/?page_id=84"},"modified":"2013-01-21T12:43:34","modified_gmt":"2013-01-21T11:43:34","slug":"avvertenze-legali","status":"publish","type":"page","link":"https:\/\/www.civispro.it\/areagiuslavoristica\/avvertenze-legali\/","title":{"rendered":"Avvertenze Legali"},"content":{"rendered":"<h4>Informazioni generali.<\/h4>\n<p align=\"justify\">Il presente sito internet <a href=\"http:\/\/www.civispro.it\/\"><strong>www.civispro.it<\/strong><\/a> (di seguito il &#8220;Sito&#8221;) \u00e8 di propriet\u00e0 di Alberto Daidone in rappresentanza di CivisPro, c\/o Studio Legale Canto, Via Croce Rossa n. 113 Palermo (PA) ed ha fla funzione di fornire una prima informazione giuridica agli utenti e dare accesso ai servizi correlati alle attivit\u00e0 professionali coinvolte.<\/p>\n<h4>Limitazione di responsabilit\u00e0.<\/h4>\n<p align=\"justify\">CivisPro non \u00e8 responsabfile per qualsivoglia pregiudizio o disagio, diretto o indiretto, che derivi o possa derivare dall&#8217;utilizzo del Sito ovvero dall&#8217;utilizzo di qualsiasi dato, immagine o altro materiale ivi contenuto, che pertanto deve intendersi a rischio e pericolo dell&#8217;utente. In particolare, CivisPro non garantisce e non assume alcuna responsabilit\u00e0 in ordine al fatto che il Sito sia compatibile con le apparecchiature elettroniche utilizzate dall&#8217;utente per la navigazione in rete ovvero che sia privo di errori o virus, la cui eventuale presenza \u00e8 indipendente dalla propria volont\u00e0. CivisPro non garantisce la completezza, precisione e aggiornamento periodico dei dati e delle informazioni contenute nel Sito e non assume alcuna responsabilit\u00e0 per ogni eventuale errore od omissione.<br \/>\nCivisPro non garantisce e non risponde in alcun caso della liceit\u00e0, natura, qualit\u00e0 o veridicit\u00e0 delle informazioni contenute in altri siti internet eventualmente collegati al Sito, n\u00e9 \u00e8 responsabile di ogni eventuale pregiudizio o disagio causato da servizi prestati a qualsiasi titolo da terzi. Resta comunque inteso che ogni eventuale &#8216;link&#8217; o collegamento ipertestuale al Sito \u00e8 subordinato alla preventiva autorizzazione scritta di CivisPro.<\/p>\n<h4>Copyright.<\/h4>\n<p>E&#8217; consentita la copia per uso esclusivamente personale.<\/p>\n<p>Sono consentite citazioni a titolo di cronaca, critica o recensione, purch\u00e9 accompagnate dal nome dell&#8217;autore e dall&#8217;indicazione della fonte &#8220;CivisPro&#8221; compreso l&#8217;indirizzo Web dell&#8217;articolo in questione.<\/p>\n<p>Sono consentiti i link da altri siti purch\u00e9 venga specificato che si tratta di link verso &#8220;CivisPro&#8221;. (<a href=\"http:\/\/www.civispro.it\/\"><strong>www.civispro.it<\/strong><\/a>)<\/p>\n<p>Ai sensi e per gli effetti dell&#8217;art. 5 L.633\/1941, i testi degli atti ufficiali dello Stato e delle amministrazioni pubbliche, sia italiane che straniere, non sono coperti da diritti d&#8217;autore; nondimeno, l&#8217;elaborazione e la presentazione dei testi stessi si intendono protette da copyright.<br \/>\nTutti i testi dei provvedimenti pubblicati, anche mediante link, non rappresentano fonte ufficiale; si declina, pertanto, ogni responsabilit\u00e0 per eventuali inesattezze.<\/p>\n<p>&nbsp;<\/p>\n<h4>Ulteriori note legali.<\/h4>\n<p align=\"justify\">In ottemperanza dell&#8217;art. 2 della legge 8 febbraio 1948 n. 47, che regola le &#8220;Indicazioni obbligatorie sugli stampati&#8221;, seguono i dati relativi a: luogo e anno della pubblicazione, nome o ragione sociale e domicilio dello stampatore e dell&#8217;editore, il proprietario del sito web e dei suoi contenuti.<\/p>\n<p align=\"center\"><strong>Luogo di pubblicazione :<\/strong> Palermo &#8211; Italia<\/p>\n<p align=\"center\"><strong>Anno di pubblicazione :<\/strong> Giugno 2009 e ss.<\/p>\n<p align=\"center\"><strong>Fornitore del servizio hosting (Stampatore):<\/strong><br \/>\nMediasoft Solutions di Antonio Roberto Genna<br \/>\nVia Mazzini 109<br \/>\n91025 Marsala (TP) &#8211; Italia<\/p>\n<p><strong>Curatore della pubblicazione (Editore) :<br \/>\n<\/strong> Avv. Alberto Daidone<br \/>\n(Direttore Responsabile)<br \/>\nc\/o Studio Legale Canto<br \/>\nVia Croce Rossa, 113<br \/>\n90146 Palermo &#8211; Italia &#8211;<br \/>\n<a title=\"Grazie per la richiesta di preventivo\" href=\"mailto:albertodaidone@civispro.net\"><strong>albertodaidone@civispro.net<\/strong><\/a><\/p>\n<p align=\"center\"><strong>Collaboratori :<br \/>\n<\/strong>Avv. Antonio Canto, Avv. Davide Canto, Avv. Leonardo Canto, Carlo Cutrano, Avv. Francesca Lo Cascio, Dott. Roberto Lo Porto, Avv.Venera Miccich\u00e9, Dott. Salvo Misseri, Avv. Ignazia Pollicino, Dott. Massimiliano Rosa; Avv. Antonino Villafrati.<\/p>\n<p><strong>Autore del sito (designer):<\/strong> Dario Amato<\/p>\n<p align=\"center\"><strong>Proprietario dei contenuti del sito :<\/strong> si rimanda a quanto detto sopra, alla voce &#8220;Copyright&#8221;.<\/p>\n<p align=\"justify\">Il contenuto del Sito, comprensivo di tutte le informazioni, dati, comunicazioni, foto, video, grafici, disegni, suoni e in generale qualsiasi materiale e servizio ivi presente (di seguito il &#8216;Contenuto&#8217;) \u00e8 di propriet\u00e0 esclusiva di Alberto Daidone ed \u00e8 tutelato ai sensi delle leggi sul diritto d&#8217;autore.<\/p>\n<p align=\"justify\">I diritti relativi ai testi firmati sono dei rispettivi autori.<\/p>\n<p align=\"justify\">L&#8217;intero Contenuto del Sito pu\u00f2 essere riprodotto in tutto o in parte, anche senza alcun consenso scritto, ma con l&#8217;obbligo tassativo di riportare in principio e in conclusione di ogni contenuto, e, se del caso, ogni 30 righe leggibili del contenuto, il link <a href=\"http:\/\/www.civispro.it\/\"><strong>www.civispro.it<\/strong><\/a>. Le fotografie, i video, i grafici, i disegni e i suoni sono concessi previo consenso del proprietario del sito da richiedersi anche via email all&#8217;indirizzo <strong><a href=\"mailto:info@civispro.it\">info@civispro.it<\/a><\/strong> .<\/p>\n<p align=\"justify\">Vige il divieto assoluto di modificare, pubblicare, ritrasmettere, vendere, copiare, creare estratti o distribuire il Contenuto dell&#8217;intero Sito.<\/p>\n<p align=\"justify\">L&#8217;accesso ed utilizzo del Sito comporta integrale accettazione delle condizioni e dei termini previsti dal presente Disclaimer. CivisPro ha comunque la facolt\u00e0 di modificare in qualsiasi momento e a propria discrezione i contenuti, i servizi offerti e le modalit\u00e0 funzionali ed operative (ivi compresi i termini e le condizioni di utilizzo) del Sito. Ogni modifica ai contenuti del Sito avr\u00e0 effetto immediato e si intender\u00e0 accettato per effetto del semplice utilizzo del Sito stesso successivamente alla sua modifica.<br \/>\nCivisPro si riserva la facolt\u00e0 di interrompere o sospendere, a propria discrezione e senza alcun preavviso, la connessione del Sito alla rete internet e\/o la formula di uno o pi\u00f9 servizi in esso contenuti. CivisPro si riserva altres\u00ec di impedire o proibire, a propria discrezione e senza alcun preavviso, l&#8217;accesso al Sito o a parte di esso a determinati utenti.<\/p>\n","protected":false},"excerpt":{"rendered":"<p>Informazioni generali. Il presente sito internet www.civispro.it (di seguito il &#8220;Sito&#8221;) \u00e8 di propriet\u00e0 di Alberto Daidone in rappresentanza di CivisPro, c\/o Studio Legale Canto, Via Croce Rossa n. 113 Palermo (PA) ed ha fla funzione di fornire una prima informazione giuridica agli utenti e dare accesso ai servizi correlati alle attivit\u00e0 professionali coinvolte. Limitazione&hellip;<\/p>\n","protected":false},"author":1,"featured_media":0,"parent":0,"menu_order":0,"comment_status":"open","ping_status":"open","template":"","meta":{"footnotes":""},"class_list":["post-84","page","type-page","status-publish","hentry","description-off"],"_links":{"self":[{"href":"https:\/\/www.civispro.it\/areagiuslavoristica\/wp-json\/wp\/v2\/pages\/84","targetHints":{"allow":["GET"]}}],"collection":[{"href":"https:\/\/www.civispro.it\/areagiuslavoristica\/wp-json\/wp\/v2\/pages"}],"about":[{"href":"https:\/\/www.civispro.it\/areagiuslavoristica\/wp-json\/wp\/v2\/types\/page"}],"author":[{"embeddable":true,"href":"https:\/\/www.civispro.it\/areagiuslavoristica\/wp-json\/wp\/v2\/users\/1"}],"replies":[{"embeddable":true,"href":"https:\/\/www.civispro.it\/areagiuslavoristica\/wp-json\/wp\/v2\/comments?post=84"}],"version-history":[{"count":0,"href":"https:\/\/www.civispro.it\/areagiuslavoristica\/wp-json\/wp\/v2\/pages\/84\/revisions"}],"wp:attachment":[{"href":"https:\/\/www.civispro.it\/areagiuslavoristica\/wp-json\/wp\/v2\/media?parent=84"}],"curies":[{"name":"wp","href":"https:\/\/api.w.org\/{rel}","templated":true}]}}