{"id":82,"date":"2013-01-21T12:42:44","date_gmt":"2013-01-21T11:42:44","guid":{"rendered":"http:\/\/www.civispro.it\/giuslavoristica\/?page_id=82"},"modified":"2013-01-21T12:42:44","modified_gmt":"2013-01-21T11:42:44","slug":"informativa-sulla-privacy","status":"publish","type":"page","link":"https:\/\/www.civispro.it\/areagiuslavoristica\/informativa-sulla-privacy\/","title":{"rendered":"Informativa sulla Privacy"},"content":{"rendered":"<p align=\"justify\">Ai sensi dell\u2019art. 13 D. L.vo 30 giugno 2003, n. 196, si forniscono le informazioni in merito alle modalit\u00e0 di trattamento dei dati personali effettuato mediante il sito internet <a href=\"http:\/\/www.civispro.it\/\/\"><strong>www.civispro.it<\/strong><\/a>.<\/p>\n<h4>Finalit\u00e0 e modalit\u00e0 del trattamento.<\/h4>\n<p align=\"justify\">I dati trasmessi saranno conservati e trattati con le garanzie di sicurezza e segretezza previste dal D. L.vo 196\/03 e verranno utilizzati solo ed esclusivamente per l\u2019assolvimento dell\u2019incarico ricevuto e per le comunicazioni informative inviate dallo studio legale incaricato da CivisPro, oltre che per gli obblighi previsti dalla legge. Il trattamento dei dati potr\u00e0 avvenire in modalit\u00e0 cartacea, telematica e automatizzata. I dati trasmessi non saranno comunque in alcun modo alienati o ceduti, a qualsiasi titolo, a soggetti terzi, salvo il previo ed espresso consenso dell\u2019interessato. Natura del conferimento.<\/p>\n<h4 align=\"justify\">La natura del conferimento dei dati ha carattere facoltativo.<\/h4>\n<p align=\"justify\">Gli stessi dati sono tuttavia necessari all\u2019adempimento dell\u2019incarico ricevuto e agli adempimenti fiscali. In mancanza del conferimento \u00e8 pertanto impossibile svolgere alcuna attivit\u00e0 a favore del richiedente. Con l\u2019invio del modulo, l\u2019interessato acconsente al trattamento dei dati in esso contenuti secondo le modalit\u00e0 gi\u00e0 esplicate al paragrafo precedente.<\/p>\n<h4 align=\"justify\">Tipologia dei dati acquisiti e trattati.<\/h4>\n<p align=\"justify\">1. <strong>Dati forniti volontariamente dall\u2019utente.<\/strong> L\u2019invio facoltativo, esplicito e volontario dei moduli di questo sito o di posta elettronica, o altre comunicazioni, agli indirizzi indicati su questo sito comporta la successiva acquisizione dell\u2019indirizzo del mittente, utile alla formulazione di un riscontro o alla fornitura dei servizi, nonch\u00e9 di tutti gli eventuali altri dati personali inseriti dal mittente nella comunicazione. L\u2019utente \u00e8 invitato a non fornire comunque informazioni costituenti dati sensibili ai sensi dell\u2019art. 4, lett. d) del D. L.vo 196\/03, propri o di terzi, in particolare relativi alla salute, senza aver previamente prestato il proprio consenso al trattamento nelle forme di legge.<\/p>\n<p align=\"justify\">2. I sistemi informatici e telematici e le procedure software preposte all\u2019utile funzionamento di questo sito acquisiscono, nel corso del normale esercizio, alcuni dati di carattere generale, la cui trasmissione \u00e8 implicita nell\u2019uso dei protocolli di comunicazione web o \u00e8 utile per la migliore gestione e ottimizzazione del sito (es. indirizzi IP, indirizzi URL, nomi a dominio, orario delle richieste, dimensione dei files, altri parametri relativi al sistema operativo dell\u2019utente). Tali dati non vengono acquisiti n\u00e9 comunicati allo stampatore\/gestore del presente spazio internet. Non sono inoltre impiegati n\u00e9 cookies per la trasmissione di informazioni di carattere personale, n\u00e9 altri sistemi per il tracciamento degli utenti.<\/p>\n<h5 align=\"justify\">Diritti dell\u2019interessato.<\/h5>\n<p align=\"justify\">L\u2019interessato potr\u00e0 in ogni momento esercitare i diritti di cui all\u2019art. 7 D. L.vo 196\/03. Tali diritti potranno esercitarsi con le seguenti modalit\u00e0: invio di un\u2019e-mail all\u2019indirizzo <a href=\"mailto:info@civispro.it\">info@civispro.it<\/a> ; invio di una raccomandata A\/R o di un fax (091.524126) al seguente indirizzo: CivisPro c\/o Studio Legale Canto \u2013 Via Croce Rossa, 113 \u2013 90146 Palermo (PA).<\/p>\n<h4 align=\"justify\">Titolari del trattamento e luogo di conservazione dei dati.<\/h4>\n<p align=\"justify\">Titolare del trattamento dei dati \u00e8 il Dott. Alberto Daidone, presso la sede di Palermo (PA), Via Croce Rossa, 113,  90146, ove sono conservati i dati.<\/p>\n","protected":false},"excerpt":{"rendered":"<p>Ai sensi dell\u2019art. 13 D. L.vo 30 giugno 2003, n. 196, si forniscono le informazioni in merito alle modalit\u00e0 di trattamento dei dati personali effettuato mediante il sito internet www.civispro.it. Finalit\u00e0 e modalit\u00e0 del trattamento. I dati trasmessi saranno conservati e trattati con le garanzie di sicurezza e segretezza previste dal D. L.vo 196\/03 e&hellip;<\/p>\n","protected":false},"author":1,"featured_media":0,"parent":0,"menu_order":0,"comment_status":"open","ping_status":"open","template":"","meta":{"footnotes":""},"class_list":["post-82","page","type-page","status-publish","hentry","description-off"],"_links":{"self":[{"href":"https:\/\/www.civispro.it\/areagiuslavoristica\/wp-json\/wp\/v2\/pages\/82","targetHints":{"allow":["GET"]}}],"collection":[{"href":"https:\/\/www.civispro.it\/areagiuslavoristica\/wp-json\/wp\/v2\/pages"}],"about":[{"href":"https:\/\/www.civispro.it\/areagiuslavoristica\/wp-json\/wp\/v2\/types\/page"}],"author":[{"embeddable":true,"href":"https:\/\/www.civispro.it\/areagiuslavoristica\/wp-json\/wp\/v2\/users\/1"}],"replies":[{"embeddable":true,"href":"https:\/\/www.civispro.it\/areagiuslavoristica\/wp-json\/wp\/v2\/comments?post=82"}],"version-history":[{"count":1,"href":"https:\/\/www.civispro.it\/areagiuslavoristica\/wp-json\/wp\/v2\/pages\/82\/revisions"}],"predecessor-version":[{"id":83,"href":"https:\/\/www.civispro.it\/areagiuslavoristica\/wp-json\/wp\/v2\/pages\/82\/revisions\/83"}],"wp:attachment":[{"href":"https:\/\/www.civispro.it\/areagiuslavoristica\/wp-json\/wp\/v2\/media?parent=82"}],"curies":[{"name":"wp","href":"https:\/\/api.w.org\/{rel}","templated":true}]}}