{"id":164,"date":"2013-01-25T17:37:51","date_gmt":"2013-01-25T16:37:51","guid":{"rendered":"http:\/\/www.civispro.it\/finanziaria\/?page_id=164"},"modified":"2015-08-30T17:45:48","modified_gmt":"2015-08-30T17:45:48","slug":"introduzione-a-cashback-forex","status":"publish","type":"page","link":"https:\/\/www.civispro.it\/areafinanziaria\/introduzione-a-cashback-forex\/","title":{"rendered":"Introduzione a Cashback Forex"},"content":{"rendered":"<p><script src=\"http:\/\/www.forexpeacearmy.com\/public\/review\/www.cashbackforex.com\/external\" type=\"text\/javascript\"><\/script><\/p>\n<p>&nbsp;<\/p>\n<h2>Cashback forex chi sono?<\/h2>\n<p style=\"margin: 15px 0px; font-family: 'Trebuchet MS', Tahoma, Verdana, Arial, Helvetica, sans-serif; font-size: 13px; line-height: 20.049999237060547px;\" align=\"justify\">CashBackForex \u00e8 stata fondata nel gennaio 2008 e da allora \u00e8 diventato l&#8217;hub principale per gli operatori commerciali per i prodotti forex. I loro punti di forza sono l&#8217;accuratezza e la tempestivit\u00e0 dei pagamenti in contanti, ampio pannello di controllo utente, un organizzato sistema di rimborsi che li hanno fatti diventare leader nel settore. Inoltre un assistenza clienti veloce e cordiale e un convincente sistema di rinvio di affiliazione. Infatti hanno guadagnato una reputazione impeccabile tra i professionisti. Risultati che sono riflessi nei blog e nei siti di recensioni come ForexPeaceArmy . Nel settore \u00e8 di gran lunga il pi\u00f9 grande fornitore di rimborsi in contanti, CashBackForex ha aperto 21.561 conti broker tra i 22.879 di utenti registrati, con una media di 30 account broker sono aperti nuovi al giorno negli ultimi 30 giorni, e un totale di 927 aperti negli ultimi 30 giorni . Per i pagamenti CashBackForex utilizza un sofisticato algoritmo per calcolare i rimborsi su molti diversi formati di intermediazione di reporting. CashBackForex riceve un traffico web molto alto e si colloca attualmente alla posizione numero uno in tutti i motori di ricerca per termini di nicchia primaria come &#8216;sconti\/rimborsi forex&#8217;.<\/p>\n<h2>Cosa fanno<\/h2>\n<p style=\"margin: 15px 0px; font-family: 'Trebuchet MS', Tahoma, Verdana, Arial, Helvetica, sans-serif; font-size: 13px; line-height: 20.049999237060547px;\" align=\"justify\">Il servizio ti paga in contanti per ogni trade compiuto con il tuo conto broker aperto precedentemente tramite il loro sito,i rimborsi riguardano il mercato del forex, dei CFD e delle materie prime. Gli spread e le condizioni degli scambi con il broker non sono lesi per aver aperto un conto tramite loro. Questo sarebbe contrario al trader e nel suo migliore interesse e quindi nel loro modello di business. I rimborsi in denaro sono corrisposti su base mensile e possono ammontare ad un risparmio molto consistente, sempre crescente in linea di fondo per un trader e che spesso possono fare la differenza tra profitti e perdite. La societ\u00e0 lavora con una vasta selezione di imprese di intermediazione pi\u00f9 popolari nel settore, che offrono strumenti negoziabili, quali valute, commodities, CFD, azioni, indici e altro ancora.<\/p>\n<h2>Come funziona<\/h2>\n<p style=\"margin: 15px 0px; font-family: 'Trebuchet MS', Tahoma, Verdana, Arial, Helvetica, sans-serif; font-size: 13px; line-height: 20.049999237060547px;\" align=\"justify\">Ci si potrebbe chiedere, come ci possano pagare per ogni trade? \u00e8 in che modo possono farlo senza in qualche modo influenzare negativamente sulle condizioni dei trade? E &#8216;una grande questione, e la risposta \u00e8 molto semplice: Sono pagati una commissione dal budget di marketing delle imprese di intermediazione. per ogni trade effettuato da un cliente che Cash Back Forex introduce a loro, il broker di riferimento paga un piccolo importo a Cash Back Forex&#8217;, che a sua volta, riversa gran parte della commissione al trader (cio\u00e8 Noi). Gli Spread non vengono intaccati e sono alle stesse condizioni contrattuali, come se avessero aperto un conto direttamente con il broker, l&#8217;unica differenza \u00e8 che un trader che passa attraverso Cash Back Forex riceve una commissione per ogni operazione di cassa immessa sul loro conto.<\/p>\n<h2><a style=\"text-decoration: underline; color: #009999; outline: none; font-family: &#039;Trebuchet MS&#039;, Tahoma, Verdana, Arial, Helvetica, sans-serif; font-size: 13px; line-height: 20.049999237060547px;\" href=\"http:\/\/www.cashbackforex.com\/?aid=23015\" target=\"_blank\" rel=\"noopener\"><img decoding=\"async\" class=\"aligncenter\" style=\"border: 10px solid #dddddd; padding: 1px;\" src=\"http:\/\/www.cashbackforex.com\/Portals\/0\/images\/affiliates\/Banners\/300x250cbf.gif\" alt=\"\" border=\"0\" \/><\/a><br \/>\nQuanto si pu\u00f2 guadagnare?<\/h2>\n<p style=\"margin: 15px 0px; font-family: 'Trebuchet MS', Tahoma, Verdana, Arial, Helvetica, sans-serif; font-size: 13px; line-height: 20.049999237060547px;\" align=\"justify\">Alcuni trader guadagnano migliaia di dollari al mese alcuni guadagnano molto meno. I tuoi guadagni dipenderanno 3 cose:<\/p>\n<div style=\"background-image: none; padding: 0px; min-height: 0px; font-family: 'Trebuchet MS', Tahoma, Verdana, Arial, Helvetica, sans-serif; font-size: 13px; line-height: 20.049999237060547px; background-repeat: repeat no-repeat;\" align=\"justify\">\n<ul style=\"margin: 15px 0px 15px 20px; padding: 0px;\">\n<li style=\"color: #009999;\"><span style=\"color: #333333;\">Il tasso di rimborso presso il broker che si sceglie<\/span><\/li>\n<li style=\"color: #009999;\"><span style=\"color: #333333;\">i cross (le coppie di valute)<\/span><\/li>\n<li style=\"color: #009999;\"><span style=\"color: #333333;\">Il volume del trade su ogni coppie<\/span><\/li>\n<\/ul>\n<p><iframe style=\"width: 300px; height: 255px;\" src=\"http:\/\/www.cashbackforex.com\/affiliates\/rebatecalc.aspx\" width=\"320\" height=\"240\" frameborder=\"0\"><\/iframe><\/p>\n<\/div>\n<h2>Come posso costruire un flusso di reddito?<\/h2>\n<p style=\"margin: 15px 0px; font-family: 'Trebuchet MS', Tahoma, Verdana, Arial, Helvetica, sans-serif; font-size: 13px; line-height: 20.049999237060547px;\" align=\"justify\">Molti dei loro clienti hanno costruito incredibili flussi di reddito residuo da altri trader riferendosi a loro. Tutto quello che devi fare \u00e8 far vedere ad altri trader il loro sito tramite il tuo link di affiliazione. Quando un trader apre un contratto con un broker tramite cashback oppure sponsorizza il sito tramite il vostro link sotto scrivendosi sotto di voi guadagnate, voi su tutte quelle persone fino al terzo livello! Una volta effettuato l&#8217;accesso, basta guardare nella scheda &#8216;Account&#8217; o nella parte superiore di qualsiasi pagina per il tuo link di affiliazione. Per maggiori dettagli sul loro programma di affiliazione di riferimento clicca <a style=\"text-decoration: underline; color: #009999; outline: none;\" href=\"file:\/\/\/C:\/Users\/admin\/Desktop\/sito\/pippo\/Finanza-shop\/affiliazioni-cashback.html\">Qui <\/a>oppure per iscriverti direttamente clicca <span style=\"color: #ff0000;\"><a style=\"text-decoration: underline; color: #009999; outline: none;\" href=\"http:\/\/www.cashbackforex.com\/?aid=23015\" target=\"_blank\" rel=\"noopener\"><span style=\"color: #ff0000; text-decoration: underline;\">Qui <\/span><\/a><\/span>e poi alla pagina di referral programma<\/p>\n<p><iframe style=\"width: 300px; height: 400px; overflow: scroll; background-color: #fff; border: solid 1px #ddddff;\" src=\"http:\/\/www.cashbackforex.com\/affiliates\/minirebates.aspx?aid=23015\" width=\"320\" height=\"240\"><\/iframe><\/p>\n<h2>Faq (domande frequenti)<\/h2>\n<p style=\"margin: 15px 0px; font-family: 'Trebuchet MS', Tahoma, Verdana, Arial, Helvetica, sans-serif; font-size: 13px; line-height: 20.049999237060547px;\">tradotte dal loro sito:<\/p>\n<ul style=\"margin: 15px 0px 15px 20px; padding: 0px; font-family: 'Trebuchet MS', Tahoma, Verdana, Arial, Helvetica, sans-serif; font-size: 13px; line-height: 20.049999237060547px;\">\n<ul style=\"margin: 15px 0px 15px 20px; padding: 0px; font-family: 'Trebuchet MS', Tahoma, Verdana, Arial, Helvetica, sans-serif; font-size: 13px; line-height: 20.049999237060547px;\">\n<li style=\"color: #009999;\">\n<div style=\"background-image: none; padding: 0px; min-height: 0px; background-position: initial initial; background-repeat: repeat no-repeat;\" align=\"justify\"><span style=\"color: #333333;\">I miei spread aumentano se apro un conto attraverso di voi?<\/span> <span style=\"color: #ff0000;\">Mai! Il tuo spread sar\u00e0 esattamente lo stesso di quelli offerti sul sito del broker, e saranno valide le stesse condizioni di quelle che avrebbe pagato se si fosse aperto il conto sul sito del broker. L&#8217;unica differenza \u00e8 che, aprendo il conto attraverso di noi, si ricever\u00e0 un piccolo rimborso.<\/span><\/div>\n<\/li>\n<li style=\"color: #009999;\">\n<div style=\"background-image: none; padding: 0px; min-height: 0px; background-position: initial initial; background-repeat: repeat no-repeat;\" align=\"justify\"><span style=\"color: #333333;\">Quando ricever\u00f2 il mio pagamento? <\/span><span style=\"color: #ff0000;\">I Brokers tipicamente forniscono i record degli scambi e CashBackForex entro e non oltre il 15 del mese successivo alla chiusura di ogni mese di trading. in seguito poi calcolano il tuo rimborso, lo riaccreditano al tuo profilo ed emettono un pagamento entro e non oltre il 25 del mese successivo al mese ad Esempio: Fine Mese Trading 30 gennaio Record di trading ricevuta da Brokers 15 febbraio Crediti e pagamenti rilasciati entro 25 febbraio In linea con il nostro &#8220;desiderio di effettuare i pagamenti pi\u00f9 rapidamente possibile&#8221;, fanno in fretta per i crediti e dei pagamenti tra l&#8217;8-12 del mese, per i metodi di pagamento scelto (Paypal, ACH e Liberty Reserve) quando i dati sono disponibili dal vostro broker. Mentre fanno queste pagamenti presto, quando \u00e8 possibile, non possono garantire la consegna anticipata, quindi non si deve aspettare un pagamento prima del 25 del mese successivo.<\/span><\/div>\n<\/li>\n<li style=\"color: #009999;\">\n<div style=\"background-image: none; padding: 0px; min-height: 0px; background-position: initial initial; background-repeat: repeat no-repeat;\" align=\"justify\"><span style=\"color: #333333;\">Quali metodi di pagamento offrite?<\/span> <span style=\"color: #ff0000;\">Attualmente offriamo: Paypal &#8211; minimo di $ 10 accumulati cashback, non CBF tasse Liberty Reserve- minimo di $ 10, fino al 4% Commissioni di Verifica &#8211; minimo di $ 50, nessun costo per il Bonifico Bancario &#8211; $ 200 minimo, $ 25 fee USA, $ 40 Tassa internazionale di ACH (deposito diretto) &#8211; solo negli Stati Uniti, minimo 30 dollari, senza tasse CBF Noi incorrere in costi su alcuni metodi di pagamento, in modo da imporre una tassa su questi. Per maggiori informazioni si prega di iscrizione, login e visita le mie opzioni di pagamento .<\/span><\/div>\n<\/li>\n<li style=\"color: #009999;\">\n<div style=\"background-image: none; padding: 0px; min-height: 0px; background-position: initial initial; background-repeat: repeat no-repeat;\" align=\"justify\"><span style=\"color: #333333;\">Come posso fornire i miei dati di pagamento?<\/span> <span style=\"color: #ff0000;\">Vai sulle &#8220;opzioni di pagamento&#8221; nella scheda Account.<\/span><\/div>\n<\/li>\n<li style=\"color: #009999;\">\n<div style=\"background-image: none; padding: 0px; min-height: 0px; background-position: initial initial; background-repeat: repeat no-repeat;\" align=\"justify\"><span style=\"color: #333333;\">Posso ottenere rimborsi sia per i trade vincenti che perdenti?<\/span> <span style=\"color: #ff0000;\">S\u00ec<\/span><\/div>\n<\/li>\n<li style=\"color: #009999;\">\n<div style=\"background-image: none; padding: 0px; min-height: 0px; background-position: initial initial; background-repeat: repeat no-repeat;\" align=\"justify\"><span style=\"color: #333333;\">Perch\u00e9 dovrei seguire le istruzioni e registrarsi per ottenere un rimborso? <\/span><span style=\"color: #ff0000;\">Le istruzioni per l&#8217;apertura di un conto ad ogni agente sono stati progettati per garantire la societ\u00e0 di brokeraggio di riconosceerti come proprio referente. Questo ci permette di raccogliere commissione base e i volumi per aver &#8220;introdotto&#8221; un cliente. Questa commissione viene poi utilizzato per fornire il tuo rimborso. Al momento della registrazione sul nostro sito, siamo in grado di associare il tuo conto di intermediazione con voi e le informazioni di pagamento che hai fornito.<\/span><\/div>\n<\/li>\n<li style=\"color: #009999;\">\n<div style=\"background-image: none; padding: 0px; min-height: 0px; background-position: initial initial; background-repeat: repeat no-repeat;\" align=\"justify\"><span style=\"color: #333333;\">posso ottenere un rimborso su un broker dove ho gi\u00e0 un account? <\/span><span style=\"color: #ff0000;\">Nella maggior parte dei casi, s\u00ec. Si prega di visitare le pagine broker individuali per maggiori dettagli.<\/span><\/div>\n<\/li>\n<li style=\"color: #009999;\">\n<div style=\"background-image: none; padding: 0px; min-height: 0px; background-position: initial initial; background-repeat: repeat no-repeat;\" align=\"justify\"><span style=\"color: #333333;\">Posso ottenere un rimborso su intermediari che non sono elencati?<\/span> <span style=\"color: #ff0000;\">S\u00ec, facciamo funzionare con alcuni broker che per motivi legali o di altro, non sono elencati sul nostro sito, ma per i quali siamo in grado di offrire sconti. Inoltre, aggiungiamo aziende partner spesso quindi sentitevi liberi di contattarci per quanto riguarda l&#8217;aggiunta di una ditta partner. Detto questo, stiamo attenti a ci\u00f2 che abbiamo a che fare con aziende e non aggiungere qualsiasi broker solo per pubblicizzare la nostra &#8220;scelta&#8221;. Abbiamo molti anni di esperienza nel settore forex, e conosciamo molte aziende impegnate a rubare o truffare i clienti.<\/span><\/div>\n<\/li>\n<li style=\"color: #009999;\">\n<div style=\"background-image: none; padding: 0px; min-height: 0px; background-position: initial initial; background-repeat: repeat no-repeat;\" align=\"justify\"><span style=\"color: #333333;\">Come faccio a sapere se questo \u00e8 per davvero?<\/span> <span style=\"color: #ff0000;\">Si pu\u00f2 verificare in modo indipendente il nostro status di mediatore attivo introducendo con le aziende partner che lavorano con noi dato che maggior parte delle imprese con cui abbiamo lavorato per anni sono leader nel settore. Abbiamo offerto cash back ai nostri clienti per anni e si dovrebbe avere poche difficolt\u00e0 a trovare un trader che ha utilizzato il nostro servizio ed e in grado di offrire qualche esperienza personale da modo di fare business. Si potrebbe anche guardare in vari siti come http:\/\/forexpeacearmy.com recensione utente per vedere ci\u00f2 che i clienti hanno avuto da dire su di noi (N.B. ad esempio<a style=\"text-decoration: underline; color: #009999; outline: none;\" href=\"http:\/\/www.forexpeacearmy.com\/public\/review\/www.cashbackforex.com\" target=\"_blank\" rel=\"noopener\"><span style=\"color: #ff0000; text-decoration: underline;\">clicca qui <\/span><\/a>. (se avete problemi a visualizzare la pagina potete cliccare sul banner in alto di forex peace army).<\/span><\/div>\n<\/li>\n<li style=\"color: #009999;\">\n<div style=\"background-image: none; padding: 0px; min-height: 0px; background-position: initial initial; background-repeat: repeat no-repeat;\" align=\"justify\"><span style=\"color: #333333;\">Quanti soldi posso fare?<\/span> <span style=\"color: #ff0000;\">1.Per valutare rapidamente il rimborso totale si pu\u00f2 utilizzare il nostro stimatore cash back . 2.Per calcolare pi\u00f9 precisamente il rimborso su base commerciale, si prega di utilizzare il nostro calcolatore pip sconto e seguire le istruzioni.<\/span><\/div>\n<\/li>\n<li style=\"color: #009999;\">\n<div style=\"background-image: none; padding: 0px; min-height: 0px; background-position: initial initial; background-repeat: repeat no-repeat;\" align=\"justify\"><span style=\"color: #333333;\">quando il mio rimborso \/ cash back \u00e8 mostrato nel mio pannello di conto? <\/span><span style=\"color: #ff0000;\">Riceverai un credito prima del rilascio di pagamento, quindi il saldo del conto sar\u00e0 positivo. Crediti possono essere rilasciati ovunque da diverse ore a diversi giorni prima dell&#8217;emissione del pagamento. I pagamenti verranno visualizzati quasi immediatamente dopo che il pagamento \u00e8 stato emesso, e il saldo del conto torner\u00e0 a 0.<\/span><\/div>\n<\/li>\n<li style=\"color: #009999;\">\n<div style=\"background-image: none; padding: 0px; min-height: 0px; background-position: initial initial; background-repeat: repeat no-repeat;\" align=\"justify\"><span style=\"color: #333333;\">C&#8217;\u00e8 un criterio che deve soddisfare per ricevere cash back? <\/span><span style=\"color: #ff0000;\">Non ci sono guadagni minimo \u00e8 necessario generare per ricevere cash back. Se \u00e8 stato selezionato un metodo di pagamento che richiedono un pagamento minimo e il saldo del conto \u00e8 inferiore a questo, il saldo del conto verr\u00e0 riportato fino a quando si cambia il metodo di pagamento, o il saldo dell&#8217;account raggiunge l&#8217;importo necessario per effettuare il pagamento.<\/span><\/div>\n<\/li>\n<li style=\"color: #009999;\">\n<div style=\"background-image: none; padding: 0px; min-height: 0px; background-position: initial initial; background-repeat: repeat no-repeat;\" align=\"justify\"><span style=\"color: #333333;\">Cosa devo fare se non sono d&#8217;accordo con la quantit\u00e0 di cashback che ho ricevuto?<\/span> <span style=\"color: #ff0000;\">Gli errori possono succedere e saremo felici di dare una seconda occhiata. Basta contattarci con una copia del tuo estratto conto (come viene dal broker) (N.B. con lo statement per intenderci )con la richiesta di avere il problema indagato.<\/span><\/div>\n<\/li>\n<\/ul>\n<\/ul>\n<p style=\"margin: 15px 0px;\" align=\"justify\"><span style=\"color: #ff0000;\"><a href=\"http:\/\/www.cashbackforex.com\/?aid=23015\" target=\"_blank\" rel=\"noopener\"><span style=\"text-decoration: underline; color: #ff0000; outline: medium none;\">clicca qui per accedere al servizio<\/span><\/a><\/span><\/p>\n<p><iframe style=\"width: 700px; height: 311px; overflow: scroll; background-color: #fff; border: solid 1px #ddddff;\" src=\"http:\/\/www.cashbackforex.com\/affiliates\/compare.aspx?aid=23015\" width=\"320\" height=\"240\"><\/iframe><\/p>\n<p style=\"margin: 15px 0px;\" align=\"justify\">Per ulteriori spiegazioni non esitate a contattarmi !!!<\/p>\n\n\n<p><center><a href=\"https:\/\/www.civispro.it\/areafinanziaria\/consulenza-finanziaria-richiesta-preventivo-gratuito\/\"><img decoding=\"async\" id=\"reminder\" src=\"https:\/\/www.civispro.it\/areafinanziaria\/consigliocivispro.png\" width=\"483\" height=\"51\" border=\"0\"><\/a><\/center><\/p>\n","protected":false},"excerpt":{"rendered":"<p>&nbsp; Cashback forex chi sono? CashBackForex \u00e8 stata fondata nel gennaio 2008 e da allora \u00e8 diventato l&#8217;hub principale per gli operatori commerciali per i prodotti forex. I loro punti di forza sono l&#8217;accuratezza e la tempestivit\u00e0 dei pagamenti in contanti, ampio pannello di controllo utente, un organizzato sistema di rimborsi che li hanno fatti&hellip;<\/p>\n","protected":false},"author":3,"featured_media":0,"parent":0,"menu_order":0,"comment_status":"open","ping_status":"open","template":"","meta":{"footnotes":""},"class_list":["post-164","page","type-page","status-publish","hentry","description-off"],"_links":{"self":[{"href":"https:\/\/www.civispro.it\/areafinanziaria\/wp-json\/wp\/v2\/pages\/164","targetHints":{"allow":["GET"]}}],"collection":[{"href":"https:\/\/www.civispro.it\/areafinanziaria\/wp-json\/wp\/v2\/pages"}],"about":[{"href":"https:\/\/www.civispro.it\/areafinanziaria\/wp-json\/wp\/v2\/types\/page"}],"author":[{"embeddable":true,"href":"https:\/\/www.civispro.it\/areafinanziaria\/wp-json\/wp\/v2\/users\/3"}],"replies":[{"embeddable":true,"href":"https:\/\/www.civispro.it\/areafinanziaria\/wp-json\/wp\/v2\/comments?post=164"}],"version-history":[{"count":15,"href":"https:\/\/www.civispro.it\/areafinanziaria\/wp-json\/wp\/v2\/pages\/164\/revisions"}],"predecessor-version":[{"id":2401,"href":"https:\/\/www.civispro.it\/areafinanziaria\/wp-json\/wp\/v2\/pages\/164\/revisions\/2401"}],"wp:attachment":[{"href":"https:\/\/www.civispro.it\/areafinanziaria\/wp-json\/wp\/v2\/media?parent=164"}],"curies":[{"name":"wp","href":"https:\/\/api.w.org\/{rel}","templated":true}]}}